{"id":31,"date":"2025-04-28T13:19:24","date_gmt":"2025-04-28T11:19:24","guid":{"rendered":"https:\/\/www.asp-technologie.de\/?page_id=31"},"modified":"2025-05-09T15:12:25","modified_gmt":"2025-05-09T13:12:25","slug":"impressum","status":"publish","type":"page","link":"https:\/\/www.asp-technologie.de\/en\/impressum\/","title":{"rendered":"Imprint"},"content":{"rendered":"<div data-elementor-type=\"wp-page\" data-elementor-id=\"31\" class=\"elementor elementor-31\">\n\t\t\t\t<div class=\"elementor-element elementor-element-72a5e2bd e-flex e-con-boxed e-con e-parent\" data-id=\"72a5e2bd\" data-element_type=\"container\" data-settings=\"{&quot;background_background&quot;:&quot;classic&quot;}\">\n\t\t\t\t\t<div class=\"e-con-inner\">\n\t\t<div class=\"elementor-element elementor-element-89459a5 e-con-full e-flex e-con e-child\" data-id=\"89459a5\" data-element_type=\"container\">\n\t\t\t\t<div class=\"elementor-element elementor-element-6281e334 elementor-widget elementor-widget-heading\" data-id=\"6281e334\" data-element_type=\"widget\" data-widget_type=\"heading.default\">\n\t\t\t\t<div class=\"elementor-widget-container\">\n\t\t\t\t\t<h2 class=\"elementor-heading-title elementor-size-default\">Imprint<\/h2>\t\t\t\t<\/div>\n\t\t\t\t<\/div>\n\t\t\t\t<div class=\"elementor-element elementor-element-60cf1f6e elementor-widget-divider--view-line elementor-widget elementor-widget-divider\" data-id=\"60cf1f6e\" data-element_type=\"widget\" data-widget_type=\"divider.default\">\n\t\t\t\t<div class=\"elementor-widget-container\">\n\t\t\t\t\t\t\t<div class=\"elementor-divider\">\n\t\t\t<span class=\"elementor-divider-separator\">\n\t\t\t\t\t\t<\/span>\n\t\t<\/div>\n\t\t\t\t\t\t<\/div>\n\t\t\t\t<\/div>\n\t\t\t\t<div class=\"elementor-element elementor-element-63cd2791 elementor-widget elementor-widget-image\" data-id=\"63cd2791\" data-element_type=\"widget\" data-widget_type=\"image.default\">\n\t\t\t\t<div class=\"elementor-widget-container\">\n\t\t\t\t\t\t\t\t\t\t\t\t\t\t\t<img fetchpriority=\"high\" decoding=\"async\" width=\"512\" height=\"512\" src=\"https:\/\/www.asp-technologie.de\/wp-content\/uploads\/2025\/04\/cropped-asp-technologie.png\" class=\"attachment-large size-large wp-image-12\" alt=\"\" srcset=\"https:\/\/www.asp-technologie.de\/wp-content\/uploads\/2025\/04\/cropped-asp-technologie.png 512w, https:\/\/www.asp-technologie.de\/wp-content\/uploads\/2025\/04\/cropped-asp-technologie-300x300.png 300w, https:\/\/www.asp-technologie.de\/wp-content\/uploads\/2025\/04\/cropped-asp-technologie-150x150.png 150w, https:\/\/www.asp-technologie.de\/wp-content\/uploads\/2025\/04\/cropped-asp-technologie-270x270.png 270w, https:\/\/www.asp-technologie.de\/wp-content\/uploads\/2025\/04\/cropped-asp-technologie-192x192.png 192w, https:\/\/www.asp-technologie.de\/wp-content\/uploads\/2025\/04\/cropped-asp-technologie-180x180.png 180w, https:\/\/www.asp-technologie.de\/wp-content\/uploads\/2025\/04\/cropped-asp-technologie-32x32.png 32w\" sizes=\"(max-width: 512px) 100vw, 512px\" \/>\t\t\t\t\t\t\t\t\t\t\t\t\t\t\t<\/div>\n\t\t\t\t<\/div>\n\t\t\t\t<\/div>\n\t\t\t\t\t<\/div>\n\t\t\t\t<\/div>\n\t\t<div class=\"elementor-element elementor-element-83c6108 e-flex e-con-boxed e-con e-parent\" data-id=\"83c6108\" data-element_type=\"container\">\n\t\t\t\t\t<div class=\"e-con-inner\">\n\t\t\t\t<div class=\"elementor-element elementor-element-1fbeccc elementor-widget elementor-widget-text-editor\" data-id=\"1fbeccc\" data-element_type=\"widget\" data-widget_type=\"text-editor.default\">\n\t\t\t\t<div class=\"elementor-widget-container\">\n\t\t\t\t\t\t\t\t\t<p>ASP Sealants GmbH<br \/>Managing Director: Alexandre M\u00e4der<br \/>Schwabenstrasse 50<br \/>86836 Untermeitingen, Germany<br \/><br \/>Tel: <a href=\"tel:+49(0)823296940\">+49 (0) 8232-9694-0<\/a><br \/>Fax: +49 (0) 8232-9694-40<br \/>E-Mail: <a href=\"mailto:info@asp-dicht.de\">info@asp-dicht.de<\/a><br \/><br \/>Commercial Register AG<br \/>Augsburg B 19156<br \/>VAT ID No. DE 813402379<\/p><p><strong>Imprint<\/strong><\/p><p>Responsible for editorial content according to \u00a7 55 Abs. 2RStV: Anja Ruf<br \/>Index: 15.01.2020<\/p><p>We hereby expressly prohibit the use of contact data published within the scope of the imprint obligation by third parties for sending unsolicited advertising and information material.<\/p>\t\t\t\t\t\t\t\t<\/div>\n\t\t\t\t<\/div>\n\t\t\t\t\t<\/div>\n\t\t\t\t<\/div>\n\t\t\t\t<\/div>","protected":false},"excerpt":{"rendered":"<p>Impressum ASP Dichtstoffe GmbHGeschaftsf\u00fchrer: Alexandre M\u00e4derSchwabenstra\u00dfe 5086836 Untermeitingen, Deutschland Tel.: +49 (0) 8232-9694-0Fax: +49 (0) 8232-9694-40E-Mail: info@asp-dicht.de Handelsregister AGAugsburg B 19156USt.-ID Nr. DE 813402379 Impressum Verantwortlich f\u00fcr redaktionelle Inhalte nach \u00a7 55 Abs. 2RStV: Anja RufIndex: 15.01.2020 Der Nutzung von im Rahmen der Impressumspflicht ver\u00f6ffentlichten Kontaktdaten durch Dritte zur \u00dcbersendung von nicht ausdr\u00fccklich angeforderter Werbung [&hellip;]<\/p>","protected":false},"author":1,"featured_media":0,"parent":0,"menu_order":0,"comment_status":"closed","ping_status":"closed","template":"elementor_header_footer","meta":{"footnotes":""},"class_list":["post-31","page","type-page","status-publish","hentry"],"_links":{"self":[{"href":"https:\/\/www.asp-technologie.de\/en\/wp-json\/wp\/v2\/pages\/31","targetHints":{"allow":["GET"]}}],"collection":[{"href":"https:\/\/www.asp-technologie.de\/en\/wp-json\/wp\/v2\/pages"}],"about":[{"href":"https:\/\/www.asp-technologie.de\/en\/wp-json\/wp\/v2\/types\/page"}],"author":[{"embeddable":true,"href":"https:\/\/www.asp-technologie.de\/en\/wp-json\/wp\/v2\/users\/1"}],"replies":[{"embeddable":true,"href":"https:\/\/www.asp-technologie.de\/en\/wp-json\/wp\/v2\/comments?post=31"}],"version-history":[{"count":0,"href":"https:\/\/www.asp-technologie.de\/en\/wp-json\/wp\/v2\/pages\/31\/revisions"}],"wp:attachment":[{"href":"https:\/\/www.asp-technologie.de\/en\/wp-json\/wp\/v2\/media?parent=31"}],"curies":[{"name":"wp","href":"https:\/\/api.w.org\/{rel}","templated":true}]}}