{"id":27,"date":"2025-04-28T13:19:02","date_gmt":"2025-04-28T11:19:02","guid":{"rendered":"https:\/\/www.asp-technologie.de\/?page_id=27"},"modified":"2025-05-21T14:59:22","modified_gmt":"2025-05-21T12:59:22","slug":"karriere","status":"publish","type":"page","link":"https:\/\/www.asp-technologie.de\/en\/karriere\/","title":{"rendered":"Career"},"content":{"rendered":"<div data-elementor-type=\"wp-page\" data-elementor-id=\"27\" class=\"elementor elementor-27\">\n\t\t\t\t<div class=\"elementor-element elementor-element-30103086 e-flex e-con-boxed e-con e-parent\" data-id=\"30103086\" data-element_type=\"container\" data-settings=\"{&quot;background_background&quot;:&quot;classic&quot;}\">\n\t\t\t\t\t<div class=\"e-con-inner\">\n\t\t<div class=\"elementor-element elementor-element-6e42f954 e-con-full e-flex e-con e-child\" data-id=\"6e42f954\" data-element_type=\"container\">\n\t\t\t\t<div class=\"elementor-element elementor-element-669ada36 elementor-widget elementor-widget-heading\" data-id=\"669ada36\" data-element_type=\"widget\" data-widget_type=\"heading.default\">\n\t\t\t\t<div class=\"elementor-widget-container\">\n\t\t\t\t\t<h2 class=\"elementor-heading-title elementor-size-default\">Career<\/h2>\t\t\t\t<\/div>\n\t\t\t\t<\/div>\n\t\t\t\t<div class=\"elementor-element elementor-element-2404261a elementor-widget-divider--view-line elementor-widget elementor-widget-divider\" data-id=\"2404261a\" data-element_type=\"widget\" data-widget_type=\"divider.default\">\n\t\t\t\t<div class=\"elementor-widget-container\">\n\t\t\t\t\t\t\t<div class=\"elementor-divider\">\n\t\t\t<span class=\"elementor-divider-separator\">\n\t\t\t\t\t\t<\/span>\n\t\t<\/div>\n\t\t\t\t\t\t<\/div>\n\t\t\t\t<\/div>\n\t\t\t\t<div class=\"elementor-element elementor-element-f5da38e elementor-widget__width-auto elementor-widget elementor-widget-image\" data-id=\"f5da38e\" data-element_type=\"widget\" data-widget_type=\"image.default\">\n\t\t\t\t<div class=\"elementor-widget-container\">\n\t\t\t\t\t\t\t\t\t\t\t\t\t\t\t<img fetchpriority=\"high\" decoding=\"async\" width=\"512\" height=\"512\" src=\"https:\/\/www.asp-technologie.de\/wp-content\/uploads\/2025\/04\/cropped-asp-technologie.png\" class=\"attachment-large size-large wp-image-12\" alt=\"\" srcset=\"https:\/\/www.asp-technologie.de\/wp-content\/uploads\/2025\/04\/cropped-asp-technologie.png 512w, https:\/\/www.asp-technologie.de\/wp-content\/uploads\/2025\/04\/cropped-asp-technologie-300x300.png 300w, https:\/\/www.asp-technologie.de\/wp-content\/uploads\/2025\/04\/cropped-asp-technologie-150x150.png 150w, https:\/\/www.asp-technologie.de\/wp-content\/uploads\/2025\/04\/cropped-asp-technologie-270x270.png 270w, https:\/\/www.asp-technologie.de\/wp-content\/uploads\/2025\/04\/cropped-asp-technologie-192x192.png 192w, https:\/\/www.asp-technologie.de\/wp-content\/uploads\/2025\/04\/cropped-asp-technologie-180x180.png 180w, https:\/\/www.asp-technologie.de\/wp-content\/uploads\/2025\/04\/cropped-asp-technologie-32x32.png 32w\" sizes=\"(max-width: 512px) 100vw, 512px\" \/>\t\t\t\t\t\t\t\t\t\t\t\t\t\t\t<\/div>\n\t\t\t\t<\/div>\n\t\t\t\t<\/div>\n\t\t\t\t\t<\/div>\n\t\t\t\t<\/div>\n\t\t<div class=\"elementor-element elementor-element-28bfa85f e-flex e-con-boxed e-con e-parent\" data-id=\"28bfa85f\" data-element_type=\"container\">\n\t\t\t\t\t<div class=\"e-con-inner\">\n\t\t<div class=\"elementor-element elementor-element-439629b9 e-con-full e-flex e-con e-child\" data-id=\"439629b9\" data-element_type=\"container\" data-settings=\"{&quot;background_background&quot;:&quot;classic&quot;}\">\n\t\t\t\t<div class=\"elementor-element elementor-element-347d252a elementor-widget elementor-widget-elementskit-heading\" data-id=\"347d252a\" data-element_type=\"widget\" data-widget_type=\"elementskit-heading.default\">\n\t\t\t\t<div class=\"elementor-widget-container\">\n\t\t\t\t\t<div class=\"ekit-wid-con\" ><div class=\"ekit-heading elementskit-section-title-wraper text_left   ekit_heading_tablet-   ekit_heading_mobile-\"><h2 class=\"ekit-heading--title elementskit-section-title\">Shape the future with us - practical, committed and part of a winning team.<\/h2>\t\t\t\t<div class='ekit-heading__description'>\n\t\t\t\t\t<p>ASP Dichtstoffe GmbH is a family-run, medium-sized company in Untermeitingen near Augsburg, specialising in the development and production of high-quality silicone and hybrid sealants. What sets us apart is our hands-on mentality: at our company, everyone pitches in - and everyone can make a difference.<\/p>\n<p>We value employees who show initiative, take responsibility and want to grow with us. Whether in production, in the laboratory, in the warehouse or in the office - everyone at ASP is actively involved and contributes to our joint success.<\/p>\n<p><strong>Become part of a strong team with short decision-making processes, open communication and genuine appreciation.<\/strong><\/p>\n<p>\u00a0<\/p>\n\t\t\t\t<\/div>\n\t\t\t<\/div><\/div>\t\t\t\t<\/div>\n\t\t\t\t<\/div>\n\t\t\t\t<\/div>\n\t\t<div class=\"elementor-element elementor-element-3984dd1e e-con-full e-flex e-con e-child\" data-id=\"3984dd1e\" data-element_type=\"container\">\n\t\t\t\t<div class=\"elementor-element elementor-element-3f7c451d elementor-widget elementor-widget-image\" data-id=\"3f7c451d\" data-element_type=\"widget\" data-widget_type=\"image.default\">\n\t\t\t\t<div class=\"elementor-widget-container\">\n\t\t\t\t\t\t\t\t\t\t\t\t\t\t\t<img decoding=\"async\" width=\"600\" height=\"800\" src=\"https:\/\/www.asp-technologie.de\/wp-content\/uploads\/2025\/04\/Asp.png\" class=\"attachment-large size-large wp-image-141\" alt=\"\" srcset=\"https:\/\/www.asp-technologie.de\/wp-content\/uploads\/2025\/04\/Asp.png 600w, https:\/\/www.asp-technologie.de\/wp-content\/uploads\/2025\/04\/Asp-225x300.png 225w\" sizes=\"(max-width: 600px) 100vw, 600px\" \/>\t\t\t\t\t\t\t\t\t\t\t\t\t\t\t<\/div>\n\t\t\t\t<\/div>\n\t\t\t\t<\/div>\n\t\t\t\t\t<\/div>\n\t\t\t\t<\/div>\n\t\t<div class=\"elementor-element elementor-element-3faa924 e-flex e-con-boxed e-con e-parent\" data-id=\"3faa924\" data-element_type=\"container\">\n\t\t\t\t\t<div class=\"e-con-inner\">\n\t\t<div class=\"elementor-element elementor-element-58a2e9a e-con-full e-flex e-con e-child\" data-id=\"58a2e9a\" data-element_type=\"container\">\n\t\t\t\t<div class=\"elementor-element elementor-element-5371d62 elementor-widget elementor-widget-image\" data-id=\"5371d62\" data-element_type=\"widget\" data-widget_type=\"image.default\">\n\t\t\t\t<div class=\"elementor-widget-container\">\n\t\t\t\t\t\t\t\t\t\t\t\t\t\t\t<img decoding=\"async\" width=\"771\" height=\"514\" src=\"https:\/\/www.asp-technologie.de\/wp-content\/uploads\/2025\/05\/asp-karriere-1024x683.jpg\" class=\"attachment-large size-large wp-image-382\" alt=\"\" srcset=\"https:\/\/www.asp-technologie.de\/wp-content\/uploads\/2025\/05\/asp-karriere-1024x683.jpg 1024w, https:\/\/www.asp-technologie.de\/wp-content\/uploads\/2025\/05\/asp-karriere-300x200.jpg 300w, https:\/\/www.asp-technologie.de\/wp-content\/uploads\/2025\/05\/asp-karriere-768x512.jpg 768w, https:\/\/www.asp-technologie.de\/wp-content\/uploads\/2025\/05\/asp-karriere-400x267.jpg 400w, https:\/\/www.asp-technologie.de\/wp-content\/uploads\/2025\/05\/asp-karriere.jpg 1500w\" sizes=\"(max-width: 771px) 100vw, 771px\" \/>\t\t\t\t\t\t\t\t\t\t\t\t\t\t\t<\/div>\n\t\t\t\t<\/div>\n\t\t\t\t<\/div>\n\t\t<div class=\"elementor-element elementor-element-2ea6ee2 e-con-full e-flex e-con e-child\" data-id=\"2ea6ee2\" data-element_type=\"container\" data-settings=\"{&quot;background_background&quot;:&quot;gradient&quot;}\">\n\t\t\t\t<div class=\"elementor-element elementor-element-221211a ekit-equal-height-disable elementor-widget elementor-widget-elementskit-icon-box\" data-id=\"221211a\" data-element_type=\"widget\" data-widget_type=\"elementskit-icon-box.default\">\n\t\t\t\t<div class=\"elementor-widget-container\">\n\t\t\t\t\t<div class=\"ekit-wid-con\" >        <!-- link opening -->\n                <a href=\"#\" class=\"ekit_global_links\">\n                <!-- end link opening -->\n\n        <div class=\"elementskit-infobox text- text-left icon-lef-right-aligin elementor-animation- media\">\n                    <div class=\"elementskit-box-header elementor-animation-\">\n                <div class=\"elementskit-info-box-icon  text-center\">\n                    \n                <\/div>\n          <\/div>\n                        <div class=\"box-body\">\n                            <h3 class=\"elementskit-info-box-title\">\n                    We are always looking for reinforcement in production                <\/h3>\n                        \t\t  \t<p>\n\nDo you have experience in production or would you like to work in an environment characterised by craftsmanship? Then you've come to the right place!\n\nFor our mixing, filling and plant cleaning areas, we are always on the lookout for motivated employees who want to lend a hand, work carefully and become part of a well-coordinated team.\n\nOpen applications are also very welcome - simply send us your documents to bewerbung@asp-dicht.de<\/p>\n                                <\/div>\n        \n        \n                <\/div>\n                <\/a>\n        <\/div>\t\t\t\t<\/div>\n\t\t\t\t<\/div>\n\t\t\t\t<div class=\"elementor-element elementor-element-8d92a2f elementor-widget elementor-widget-button\" data-id=\"8d92a2f\" data-element_type=\"widget\" data-widget_type=\"button.default\">\n\t\t\t\t<div class=\"elementor-widget-container\">\n\t\t\t\t\t\t\t\t\t<div class=\"elementor-button-wrapper\">\n\t\t\t\t\t<a class=\"elementor-button elementor-button-link elementor-size-sm\" href=\"\">\n\t\t\t\t\t\t<span class=\"elementor-button-content-wrapper\">\n\t\t\t\t\t\t\t\t\t<span class=\"elementor-button-text\">APPLY NOW<\/span>\n\t\t\t\t\t<\/span>\n\t\t\t\t\t<\/a>\n\t\t\t\t<\/div>\n\t\t\t\t\t\t\t\t<\/div>\n\t\t\t\t<\/div>\n\t\t\t\t<\/div>\n\t\t\t\t\t<\/div>\n\t\t\t\t<\/div>\n\t\t\t\t<\/div>","protected":false},"excerpt":{"rendered":"<p>Karriere Gestalten Sie mit uns die Zukunft \u2013 praxisnah, engagiert und im Team. Die ASP Dichtstoffe GmbH ist ein famili\u00e4r gef\u00fchrtes, mittelst\u00e4ndisches Unternehmen in Untermeitingen bei Augsburg, spezialisiert auf die Entwicklung und Produktion von hochwertigen Silikon- und Hybriddichtstoffen. Was uns auszeichnet, ist unsere gelebte Hands-on-Mentalit\u00e4t: Bei uns packt jeder mit an \u2013 und jeder kann [&hellip;]<\/p>","protected":false},"author":1,"featured_media":0,"parent":0,"menu_order":0,"comment_status":"closed","ping_status":"closed","template":"elementor_header_footer","meta":{"footnotes":""},"class_list":["post-27","page","type-page","status-publish","hentry"],"_links":{"self":[{"href":"https:\/\/www.asp-technologie.de\/en\/wp-json\/wp\/v2\/pages\/27","targetHints":{"allow":["GET"]}}],"collection":[{"href":"https:\/\/www.asp-technologie.de\/en\/wp-json\/wp\/v2\/pages"}],"about":[{"href":"https:\/\/www.asp-technologie.de\/en\/wp-json\/wp\/v2\/types\/page"}],"author":[{"embeddable":true,"href":"https:\/\/www.asp-technologie.de\/en\/wp-json\/wp\/v2\/users\/1"}],"replies":[{"embeddable":true,"href":"https:\/\/www.asp-technologie.de\/en\/wp-json\/wp\/v2\/comments?post=27"}],"version-history":[{"count":0,"href":"https:\/\/www.asp-technologie.de\/en\/wp-json\/wp\/v2\/pages\/27\/revisions"}],"wp:attachment":[{"href":"https:\/\/www.asp-technologie.de\/en\/wp-json\/wp\/v2\/media?parent=27"}],"curies":[{"name":"wp","href":"https:\/\/api.w.org\/{rel}","templated":true}]}}